{"id":3035,"date":"2015-12-24T13:43:34","date_gmt":"2015-12-24T13:43:34","guid":{"rendered":"http:\/\/flow.elated-themes.com\/?page_id=3035"},"modified":"2025-10-14T10:37:20","modified_gmt":"2025-10-14T08:37:20","slug":"contacto","status":"publish","type":"page","link":"https:\/\/bambanmoda.com\/en\/contacto\/","title":{"rendered":"Contact"},"content":{"rendered":"<div data-elementor-type=\"wp-page\" data-elementor-id=\"3035\" class=\"elementor elementor-3035\">\n\t\t\t\t\t\t<section class=\"elementor-section elementor-top-section elementor-element elementor-element-2c2b544 elementor-section-boxed elementor-section-height-default elementor-section-height-default\" data-id=\"2c2b544\" data-element_type=\"section\">\n\t\t\t\t\t\t<div class=\"elementor-container elementor-column-gap-default\">\n\t\t\t\t\t<div class=\"elementor-column elementor-col-100 elementor-top-column elementor-element elementor-element-e856be2\" data-id=\"e856be2\" data-element_type=\"column\">\n\t\t\t<div class=\"elementor-widget-wrap elementor-element-populated\">\n\t\t\t\t\t\t<div class=\"elementor-element elementor-element-4dd8b82 elementor-widget elementor-widget-text-editor\" data-id=\"4dd8b82\" data-element_type=\"widget\" data-widget_type=\"text-editor.default\">\n\t\t\t\t<div class=\"elementor-widget-container\">\n\t\t\t\t\t\t\t\t\t<h5>Contact Information<\/h5>\t\t\t\t\t\t\t\t<\/div>\n\t\t\t\t<\/div>\n\t\t\t\t<div class=\"elementor-element elementor-element-e389cc3 elementor-widget elementor-widget-text-editor\" data-id=\"e389cc3\" data-element_type=\"widget\" data-widget_type=\"text-editor.default\">\n\t\t\t\t<div class=\"elementor-widget-container\">\n\t\t\t\t\t\t\t\t\t<p>Nos encanta saber de ti sobre nuestro servicio de atenci\u00f3n al cliente, mercanc\u00eda, sitio web o cualquier tema que quieras compartir con nosotros. Tus comentarios y sugerencias ser\u00e1n muy apreciados. Por favor, si quieres ponerte en contacto escr\u00edbenos a nuestro email o ll\u00e1manos en horario laboral.<\/p><p><i class=\"fa fa-home\"><\/i> Paseo de Silgar, 20, 36960 Sanxenxo, Espa\u00f1a<\/p><p><i class=\"fa fa-phone\"><\/i> 986 690 772<\/p><p><i class=\"fa fa-envelope\"><\/i> info@bambanmoda.com<\/p><p><i class=\"fa fa-clock-o\"><\/i> Every day 9:00 \u2013 17:00<\/p>\t\t\t\t\t\t\t\t<\/div>\n\t\t\t\t<\/div>\n\t\t\t\t\t<\/div>\n\t\t<\/div>\n\t\t\t\t\t<\/div>\n\t\t<\/section>\n\t\t\t\t<section class=\"elementor-section elementor-top-section elementor-element elementor-element-b1a7fc2 elementor-section-boxed elementor-section-height-default elementor-section-height-default\" data-id=\"b1a7fc2\" data-element_type=\"section\">\n\t\t\t\t\t\t<div class=\"elementor-container elementor-column-gap-default\">\n\t\t\t\t\t<div class=\"elementor-column elementor-col-100 elementor-top-column elementor-element elementor-element-b720ade\" data-id=\"b720ade\" data-element_type=\"column\">\n\t\t\t<div class=\"elementor-widget-wrap elementor-element-populated\">\n\t\t\t\t\t\t<div class=\"elementor-element elementor-element-1221c58 elementor-widget elementor-widget-google_maps\" data-id=\"1221c58\" data-element_type=\"widget\" data-widget_type=\"google_maps.default\">\n\t\t\t\t<div class=\"elementor-widget-container\">\n\t\t\t\t\t\t\t<div class=\"elementor-custom-embed\">\n\t\t\t<iframe loading=\"lazy\"\n\t\t\t\t\tsrc=\"https:\/\/maps.google.com\/maps?q=Bamban%20sanxenxo&#038;t=m&#038;z=16&#038;output=embed&#038;iwloc=near\"\n\t\t\t\t\ttitle=\"Bamban sanxenxo\"\n\t\t\t\t\taria-label=\"Bamban sanxenxo\"\n\t\t\t><\/iframe>\n\t\t<\/div>\n\t\t\t\t\t\t<\/div>\n\t\t\t\t<\/div>\n\t\t\t\t\t<\/div>\n\t\t<\/div>\n\t\t\t\t\t<\/div>\n\t\t<\/section>\n\t\t\t\t<\/div>","protected":false},"excerpt":{"rendered":"<p>Informaci\u00f3n de Contacto Nos encanta saber de ti sobre nuestro servicio de atenci\u00f3n al cliente, mercanc\u00eda, sitio web o cualquier tema que quieras compartir con nosotros. Tus comentarios y sugerencias ser\u00e1n muy apreciados. Por favor, si quieres ponerte en contacto escr\u00edbenos a nuestro email o ll\u00e1manos en horario laboral. Paseo de Silgar, 20, 36960 Sanxenxo, [&hellip;]<\/p>","protected":false},"author":1,"featured_media":6113,"parent":0,"menu_order":0,"comment_status":"closed","ping_status":"closed","template":"","meta":{"footnotes":""},"class_list":["post-3035","page","type-page","status-publish","has-post-thumbnail","hentry"],"_links":{"self":[{"href":"https:\/\/bambanmoda.com\/en\/wp-json\/wp\/v2\/pages\/3035","targetHints":{"allow":["GET"]}}],"collection":[{"href":"https:\/\/bambanmoda.com\/en\/wp-json\/wp\/v2\/pages"}],"about":[{"href":"https:\/\/bambanmoda.com\/en\/wp-json\/wp\/v2\/types\/page"}],"author":[{"embeddable":true,"href":"https:\/\/bambanmoda.com\/en\/wp-json\/wp\/v2\/users\/1"}],"replies":[{"embeddable":true,"href":"https:\/\/bambanmoda.com\/en\/wp-json\/wp\/v2\/comments?post=3035"}],"version-history":[{"count":18,"href":"https:\/\/bambanmoda.com\/en\/wp-json\/wp\/v2\/pages\/3035\/revisions"}],"predecessor-version":[{"id":6722,"href":"https:\/\/bambanmoda.com\/en\/wp-json\/wp\/v2\/pages\/3035\/revisions\/6722"}],"wp:featuredmedia":[{"embeddable":true,"href":"https:\/\/bambanmoda.com\/en\/wp-json\/wp\/v2\/media\/6113"}],"wp:attachment":[{"href":"https:\/\/bambanmoda.com\/en\/wp-json\/wp\/v2\/media?parent=3035"}],"curies":[{"name":"wp","href":"https:\/\/api.w.org\/{rel}","templated":true}]}}