{"id":4252,"date":"2016-09-09T07:14:43","date_gmt":"2016-09-09T07:14:43","guid":{"rendered":"http:\/\/janstudio.net\/gecko\/product\/ribbed-bodycon-dress\/"},"modified":"2025-09-28T20:02:08","modified_gmt":"2025-09-28T18:02:08","slug":"vestido-corto-negro-de-lentejuelas","status":"publish","type":"product","link":"https:\/\/bambanmoda.com\/en\/product\/vestido-corto-negro-de-lentejuelas\/","title":{"rendered":"Vestido corto negro de lentejuelas con apliques met\u00e1licos"},"content":{"rendered":"<p>Brilla en cada ocasi\u00f3n especial con este vestido corto negro de lentejuelas, adornado con apliques met\u00e1licos que aportan un toque sofisticado. De manga corta y corte entallado, realza la silueta femenina. Perfecto para fiestas, c\u00f3cteles o noches llenas de glamour.<\/p>","protected":false},"excerpt":{"rendered":"<p>Brilla en cada ocasi\u00f3n especial con este vestido corto negro de lentejuelas, adornado con apliques met\u00e1licos que aportan un toque sofisticado. De manga corta y corte entallado, realza la silueta femenina. Perfecto para fiestas, c\u00f3cteles o noches llenas de glamour.<\/p>","protected":false},"featured_media":6467,"comment_status":"open","ping_status":"closed","template":"","meta":[],"product_brand":[],"product_cat":[122,123],"product_tag":[193,182],"class_list":{"0":"post-4252","1":"product","2":"type-product","3":"status-publish","4":"has-post-thumbnail","6":"product_cat-ropa","7":"product_cat-vestidos","8":"product_tag-lentejuelas","9":"product_tag-vestidos","11":"first","12":"outofstock","13":"featured","14":"taxable","15":"shipping-taxable","16":"purchasable","17":"product-type-simple"},"_links":{"self":[{"href":"https:\/\/bambanmoda.com\/en\/wp-json\/wp\/v2\/product\/4252","targetHints":{"allow":["GET"]}}],"collection":[{"href":"https:\/\/bambanmoda.com\/en\/wp-json\/wp\/v2\/product"}],"about":[{"href":"https:\/\/bambanmoda.com\/en\/wp-json\/wp\/v2\/types\/product"}],"replies":[{"embeddable":true,"href":"https:\/\/bambanmoda.com\/en\/wp-json\/wp\/v2\/comments?post=4252"}],"version-history":[{"count":4,"href":"https:\/\/bambanmoda.com\/en\/wp-json\/wp\/v2\/product\/4252\/revisions"}],"predecessor-version":[{"id":6469,"href":"https:\/\/bambanmoda.com\/en\/wp-json\/wp\/v2\/product\/4252\/revisions\/6469"}],"wp:featuredmedia":[{"embeddable":true,"href":"https:\/\/bambanmoda.com\/en\/wp-json\/wp\/v2\/media\/6467"}],"wp:attachment":[{"href":"https:\/\/bambanmoda.com\/en\/wp-json\/wp\/v2\/media?parent=4252"}],"wp:term":[{"taxonomy":"product_brand","embeddable":true,"href":"https:\/\/bambanmoda.com\/en\/wp-json\/wp\/v2\/product_brand?post=4252"},{"taxonomy":"product_cat","embeddable":true,"href":"https:\/\/bambanmoda.com\/en\/wp-json\/wp\/v2\/product_cat?post=4252"},{"taxonomy":"product_tag","embeddable":true,"href":"https:\/\/bambanmoda.com\/en\/wp-json\/wp\/v2\/product_tag?post=4252"}],"curies":[{"name":"wp","href":"https:\/\/api.w.org\/{rel}","templated":true}]}}