{"id":4909,"date":"2016-09-28T02:44:27","date_gmt":"2016-09-28T02:44:27","guid":{"rendered":"http:\/\/claue.dev\/demo\/product\/cluse-la-boheme-rose-gold\/"},"modified":"2025-08-20T08:24:44","modified_gmt":"2025-08-20T06:24:44","slug":"falda-lapiz-negra-de-lentejuelas","status":"publish","type":"product","link":"https:\/\/bambanmoda.com\/en\/product\/falda-lapiz-negra-de-lentejuelas\/","title":{"rendered":"Falda l\u00e1piz negra de lentejuelas con apliques met\u00e1licos"},"content":{"rendered":"<p>Deslumbra con esta falda l\u00e1piz negra de lentejuelas, realzada con apliques met\u00e1licos que dibujan l\u00edneas geom\u00e9tricas. Ajustada y sofisticada, se adapta a la silueta femenina creando un look glamuroso. Ideal para fiestas, eventos y noches en las que quieras brillar.<\/p>","protected":false},"excerpt":{"rendered":"<p>Deslumbra con esta falda l\u00e1piz negra de lentejuelas, realzada con apliques met\u00e1licos que dibujan l\u00edneas geom\u00e9tricas. Ajustada y sofisticada, se adapta a la silueta femenina creando un look glamuroso. Ideal para fiestas, eventos y noches en las que quieras brillar.<\/p>","protected":false},"featured_media":6462,"comment_status":"open","ping_status":"closed","template":"","meta":[],"product_brand":[],"product_cat":[122,191],"product_tag":[192,185,177],"class_list":{"0":"post-4909","1":"product","2":"type-product","3":"status-publish","4":"has-post-thumbnail","6":"product_cat-ropa","7":"product_cat-faldas","8":"product_tag-faldas","9":"product_tag-moda","10":"product_tag-mujer","12":"first","13":"instock","14":"taxable","15":"shipping-taxable","16":"purchasable","17":"product-type-simple"},"_links":{"self":[{"href":"https:\/\/bambanmoda.com\/en\/wp-json\/wp\/v2\/product\/4909","targetHints":{"allow":["GET"]}}],"collection":[{"href":"https:\/\/bambanmoda.com\/en\/wp-json\/wp\/v2\/product"}],"about":[{"href":"https:\/\/bambanmoda.com\/en\/wp-json\/wp\/v2\/types\/product"}],"replies":[{"embeddable":true,"href":"https:\/\/bambanmoda.com\/en\/wp-json\/wp\/v2\/comments?post=4909"}],"version-history":[{"count":4,"href":"https:\/\/bambanmoda.com\/en\/wp-json\/wp\/v2\/product\/4909\/revisions"}],"predecessor-version":[{"id":6464,"href":"https:\/\/bambanmoda.com\/en\/wp-json\/wp\/v2\/product\/4909\/revisions\/6464"}],"wp:featuredmedia":[{"embeddable":true,"href":"https:\/\/bambanmoda.com\/en\/wp-json\/wp\/v2\/media\/6462"}],"wp:attachment":[{"href":"https:\/\/bambanmoda.com\/en\/wp-json\/wp\/v2\/media?parent=4909"}],"wp:term":[{"taxonomy":"product_brand","embeddable":true,"href":"https:\/\/bambanmoda.com\/en\/wp-json\/wp\/v2\/product_brand?post=4909"},{"taxonomy":"product_cat","embeddable":true,"href":"https:\/\/bambanmoda.com\/en\/wp-json\/wp\/v2\/product_cat?post=4909"},{"taxonomy":"product_tag","embeddable":true,"href":"https:\/\/bambanmoda.com\/en\/wp-json\/wp\/v2\/product_tag?post=4909"}],"curies":[{"name":"wp","href":"https:\/\/api.w.org\/{rel}","templated":true}]}}