{"id":4920,"date":"2016-09-28T02:51:33","date_gmt":"2016-09-28T02:51:33","guid":{"rendered":"http:\/\/claue.dev\/demo\/product\/asos-ridley-high-waist\/"},"modified":"2025-08-20T08:54:42","modified_gmt":"2025-08-20T06:54:42","slug":"chaqueta-bomber-negra-de-lentejuelas","status":"publish","type":"product","link":"https:\/\/bambanmoda.com\/en\/product\/chaqueta-bomber-negra-de-lentejuelas\/","title":{"rendered":"Chaqueta bomber negra de lentejuelas con apliques met\u00e1licos"},"content":{"rendered":"<p>Destaca en tus eventos con esta chaqueta bomber negra adornada con lentejuelas y detalles met\u00e1licos. Con cierre frontal y pu\u00f1os el\u00e1sticos, combina estilo y comodidad. Ideal para fiestas y noches especiales, aporta brillo y sofisticaci\u00f3n a cualquier look femenino.<\/p>","protected":false},"excerpt":{"rendered":"<p>Destaca en tus eventos con esta chaqueta bomber negra adornada con lentejuelas y detalles met\u00e1licos. Con cierre frontal y pu\u00f1os el\u00e1sticos, combina estilo y comodidad. Ideal para fiestas y noches especiales, aporta brillo y sofisticaci\u00f3n a cualquier look femenino.<\/p>","protected":false},"featured_media":6451,"comment_status":"open","ping_status":"closed","template":"","meta":[],"product_brand":[],"product_cat":[122,188],"product_tag":[189,177],"class_list":{"0":"post-4920","1":"product","2":"type-product","3":"status-publish","4":"has-post-thumbnail","6":"product_cat-ropa","7":"product_cat-chaquetas","8":"product_tag-chaquetas","9":"product_tag-mujer","11":"first","12":"instock","13":"taxable","14":"shipping-taxable","15":"purchasable","16":"product-type-simple"},"_links":{"self":[{"href":"https:\/\/bambanmoda.com\/en\/wp-json\/wp\/v2\/product\/4920","targetHints":{"allow":["GET"]}}],"collection":[{"href":"https:\/\/bambanmoda.com\/en\/wp-json\/wp\/v2\/product"}],"about":[{"href":"https:\/\/bambanmoda.com\/en\/wp-json\/wp\/v2\/types\/product"}],"replies":[{"embeddable":true,"href":"https:\/\/bambanmoda.com\/en\/wp-json\/wp\/v2\/comments?post=4920"}],"version-history":[{"count":5,"href":"https:\/\/bambanmoda.com\/en\/wp-json\/wp\/v2\/product\/4920\/revisions"}],"predecessor-version":[{"id":6455,"href":"https:\/\/bambanmoda.com\/en\/wp-json\/wp\/v2\/product\/4920\/revisions\/6455"}],"wp:featuredmedia":[{"embeddable":true,"href":"https:\/\/bambanmoda.com\/en\/wp-json\/wp\/v2\/media\/6451"}],"wp:attachment":[{"href":"https:\/\/bambanmoda.com\/en\/wp-json\/wp\/v2\/media?parent=4920"}],"wp:term":[{"taxonomy":"product_brand","embeddable":true,"href":"https:\/\/bambanmoda.com\/en\/wp-json\/wp\/v2\/product_brand?post=4920"},{"taxonomy":"product_cat","embeddable":true,"href":"https:\/\/bambanmoda.com\/en\/wp-json\/wp\/v2\/product_cat?post=4920"},{"taxonomy":"product_tag","embeddable":true,"href":"https:\/\/bambanmoda.com\/en\/wp-json\/wp\/v2\/product_tag?post=4920"}],"curies":[{"name":"wp","href":"https:\/\/api.w.org\/{rel}","templated":true}]}}