{"id":4938,"date":"2016-10-29T04:05:47","date_gmt":"2016-10-29T04:05:47","guid":{"rendered":"http:\/\/claue.dev\/demo\/product\/short-sleeved-hoodie-with-step-hem\/"},"modified":"2025-08-22T14:11:42","modified_gmt":"2025-08-22T12:11:42","slug":"pulsera-abalorios","status":"publish","type":"product","link":"https:\/\/bambanmoda.com\/en\/product\/pulsera-abalorios\/","title":{"rendered":"Pulsera artesanal en plata con \u00e1mbar multicolor ovalado"},"content":{"rendered":"<p>Pulsera artesanal de plata con piezas ovaladas de \u00e1mbar en distintos tonos, creando un contraste \u00fanico y elegante. Un dise\u00f1o atemporal que aporta sofisticaci\u00f3n y estilo a cualquier look. Ideal para complementar outfits con un toque artesanal y exclusivo.<\/p>","protected":false},"excerpt":{"rendered":"<p>Pulsera artesanal de plata con piezas ovaladas de \u00e1mbar en distintos tonos, creando un contraste \u00fanico y elegante. Un dise\u00f1o atemporal que aporta sofisticaci\u00f3n y estilo a cualquier look. Ideal para complementar outfits con un toque artesanal y exclusivo.<\/p>","protected":false},"featured_media":6416,"comment_status":"open","ping_status":"closed","template":"","meta":[],"product_brand":[],"product_cat":[122,87],"product_tag":[171,172,175],"class_list":{"0":"post-4938","1":"product","2":"type-product","3":"status-publish","4":"has-post-thumbnail","6":"product_cat-ropa","7":"product_cat-joyeria","8":"product_tag-complementos","9":"product_tag-joyeria","10":"product_tag-pulseras","12":"first","13":"instock","14":"taxable","15":"shipping-taxable","16":"purchasable","17":"product-type-simple"},"_links":{"self":[{"href":"https:\/\/bambanmoda.com\/en\/wp-json\/wp\/v2\/product\/4938","targetHints":{"allow":["GET"]}}],"collection":[{"href":"https:\/\/bambanmoda.com\/en\/wp-json\/wp\/v2\/product"}],"about":[{"href":"https:\/\/bambanmoda.com\/en\/wp-json\/wp\/v2\/types\/product"}],"replies":[{"embeddable":true,"href":"https:\/\/bambanmoda.com\/en\/wp-json\/wp\/v2\/comments?post=4938"}],"version-history":[{"count":5,"href":"https:\/\/bambanmoda.com\/en\/wp-json\/wp\/v2\/product\/4938\/revisions"}],"predecessor-version":[{"id":6494,"href":"https:\/\/bambanmoda.com\/en\/wp-json\/wp\/v2\/product\/4938\/revisions\/6494"}],"wp:featuredmedia":[{"embeddable":true,"href":"https:\/\/bambanmoda.com\/en\/wp-json\/wp\/v2\/media\/6416"}],"wp:attachment":[{"href":"https:\/\/bambanmoda.com\/en\/wp-json\/wp\/v2\/media?parent=4938"}],"wp:term":[{"taxonomy":"product_brand","embeddable":true,"href":"https:\/\/bambanmoda.com\/en\/wp-json\/wp\/v2\/product_brand?post=4938"},{"taxonomy":"product_cat","embeddable":true,"href":"https:\/\/bambanmoda.com\/en\/wp-json\/wp\/v2\/product_cat?post=4938"},{"taxonomy":"product_tag","embeddable":true,"href":"https:\/\/bambanmoda.com\/en\/wp-json\/wp\/v2\/product_tag?post=4938"}],"curies":[{"name":"wp","href":"https:\/\/api.w.org\/{rel}","templated":true}]}}