{"id":5006,"date":"2017-01-06T17:06:47","date_gmt":"2017-01-06T17:06:47","guid":{"rendered":"http:\/\/claue.dev\/demo\/product\/calvin-klein-logo-sweatpants\/"},"modified":"2025-10-15T21:45:28","modified_gmt":"2025-10-15T19:45:28","slug":"colgante-sol","status":"publish","type":"product","link":"https:\/\/bambanmoda.com\/en\/product\/colgante-sol\/","title":{"rendered":"Colgante artesanal sol con \u00e1mbar en plata"},"content":{"rendered":"<p>Colgante artesanal con forma de sol, realizado en plata y decorado con \u00e1mbar natural. Una pieza \u00fanica que aporta calidez, simbolismo y estilo. Perfecto para complementar tus looks con un toque aut\u00e9ntico, sofisticado y lleno de personalidad artesanal.<\/p>","protected":false},"excerpt":{"rendered":"<p>Colgante ambar\u00a0 artesanal con forma de sol.<\/p>\n<ul>\n<li>Realizado en plata y \u00e1mbar natural del B\u00e1ltico.<\/li>\n<li>Una pieza \u00fanica que aporta calidez, simbolismo y estilo.<\/li>\n<li>Perfecto para complementar tus looks con un toque aut\u00e9ntico, sofisticado y lleno de personalidad artesanal.<\/li>\n<\/ul>","protected":false},"featured_media":6406,"comment_status":"open","ping_status":"closed","template":"","meta":[],"product_brand":[],"product_cat":[122,86,87,196,201],"product_tag":[243,242,173,171,241,195],"class_list":{"0":"post-5006","1":"product","2":"type-product","3":"status-publish","4":"has-post-thumbnail","6":"product_cat-ropa","7":"product_cat-accesorios","8":"product_cat-joyeria","9":"product_cat-ambar","10":"product_cat-plata","11":"product_tag-colgante-de-ambar","12":"product_tag-colgante-de-sol","13":"product_tag-colgantes","14":"product_tag-complementos","15":"product_tag-joyeria-en-ambar-y-plata","16":"product_tag-sol","18":"first","19":"instock","20":"taxable","21":"shipping-taxable","22":"purchasable","23":"product-type-variable"},"_links":{"self":[{"href":"https:\/\/bambanmoda.com\/en\/wp-json\/wp\/v2\/product\/5006","targetHints":{"allow":["GET"]}}],"collection":[{"href":"https:\/\/bambanmoda.com\/en\/wp-json\/wp\/v2\/product"}],"about":[{"href":"https:\/\/bambanmoda.com\/en\/wp-json\/wp\/v2\/types\/product"}],"replies":[{"embeddable":true,"href":"https:\/\/bambanmoda.com\/en\/wp-json\/wp\/v2\/comments?post=5006"}],"version-history":[{"count":8,"href":"https:\/\/bambanmoda.com\/en\/wp-json\/wp\/v2\/product\/5006\/revisions"}],"predecessor-version":[{"id":6710,"href":"https:\/\/bambanmoda.com\/en\/wp-json\/wp\/v2\/product\/5006\/revisions\/6710"}],"wp:featuredmedia":[{"embeddable":true,"href":"https:\/\/bambanmoda.com\/en\/wp-json\/wp\/v2\/media\/6406"}],"wp:attachment":[{"href":"https:\/\/bambanmoda.com\/en\/wp-json\/wp\/v2\/media?parent=5006"}],"wp:term":[{"taxonomy":"product_brand","embeddable":true,"href":"https:\/\/bambanmoda.com\/en\/wp-json\/wp\/v2\/product_brand?post=5006"},{"taxonomy":"product_cat","embeddable":true,"href":"https:\/\/bambanmoda.com\/en\/wp-json\/wp\/v2\/product_cat?post=5006"},{"taxonomy":"product_tag","embeddable":true,"href":"https:\/\/bambanmoda.com\/en\/wp-json\/wp\/v2\/product_tag?post=5006"}],"curies":[{"name":"wp","href":"https:\/\/api.w.org\/{rel}","templated":true}]}}