{"id":5015,"date":"2016-10-06T17:11:12","date_gmt":"2016-10-06T17:11:12","guid":{"rendered":"http:\/\/claue.dev\/demo\/product\/asos-5-pack-pop-socks\/"},"modified":"2025-08-19T11:17:22","modified_gmt":"2025-08-19T09:17:22","slug":"chaqueta-bomber-corta-con-estampado-floral","status":"publish","type":"product","link":"https:\/\/bambanmoda.com\/en\/product\/chaqueta-bomber-corta-con-estampado-floral\/","title":{"rendered":"Chaqueta bomber corta con estampado floral"},"content":{"rendered":"<p>Chaqueta bomber corta con dise\u00f1o floral en tonos burdeos y rosas, perfecta para dar un aire sofisticado y moderno a tus looks. Con pu\u00f1os y bajo el\u00e1sticos, aporta comodidad y estilo. Ideal para combinar con vestidos o pantalones en entretiempo.<\/p>","protected":false},"excerpt":{"rendered":"<p>Chaqueta bomber corta con dise\u00f1o floral en tonos burdeos y rosas, perfecta para dar un aire sofisticado y moderno a tus looks. Con pu\u00f1os y bajo el\u00e1sticos, aporta comodidad y estilo. Ideal para combinar con vestidos o pantalones en entretiempo.<\/p>","protected":false},"featured_media":6446,"comment_status":"open","ping_status":"closed","template":"","meta":[],"product_brand":[],"product_cat":[122,188],"product_tag":[189,190,177],"class_list":{"0":"post-5015","1":"product","2":"type-product","3":"status-publish","4":"has-post-thumbnail","6":"product_cat-ropa","7":"product_cat-chaquetas","8":"product_tag-chaquetas","9":"product_tag-estampados","10":"product_tag-mujer","12":"first","13":"instock","14":"featured","15":"taxable","16":"shipping-taxable","17":"purchasable","18":"product-type-simple"},"_links":{"self":[{"href":"https:\/\/bambanmoda.com\/en\/wp-json\/wp\/v2\/product\/5015","targetHints":{"allow":["GET"]}}],"collection":[{"href":"https:\/\/bambanmoda.com\/en\/wp-json\/wp\/v2\/product"}],"about":[{"href":"https:\/\/bambanmoda.com\/en\/wp-json\/wp\/v2\/types\/product"}],"replies":[{"embeddable":true,"href":"https:\/\/bambanmoda.com\/en\/wp-json\/wp\/v2\/comments?post=5015"}],"version-history":[{"count":4,"href":"https:\/\/bambanmoda.com\/en\/wp-json\/wp\/v2\/product\/5015\/revisions"}],"predecessor-version":[{"id":6450,"href":"https:\/\/bambanmoda.com\/en\/wp-json\/wp\/v2\/product\/5015\/revisions\/6450"}],"wp:featuredmedia":[{"embeddable":true,"href":"https:\/\/bambanmoda.com\/en\/wp-json\/wp\/v2\/media\/6446"}],"wp:attachment":[{"href":"https:\/\/bambanmoda.com\/en\/wp-json\/wp\/v2\/media?parent=5015"}],"wp:term":[{"taxonomy":"product_brand","embeddable":true,"href":"https:\/\/bambanmoda.com\/en\/wp-json\/wp\/v2\/product_brand?post=5015"},{"taxonomy":"product_cat","embeddable":true,"href":"https:\/\/bambanmoda.com\/en\/wp-json\/wp\/v2\/product_cat?post=5015"},{"taxonomy":"product_tag","embeddable":true,"href":"https:\/\/bambanmoda.com\/en\/wp-json\/wp\/v2\/product_tag?post=5015"}],"curies":[{"name":"wp","href":"https:\/\/api.w.org\/{rel}","templated":true}]}}