{"id":5269,"date":"2016-11-25T04:56:55","date_gmt":"2016-11-25T04:56:55","guid":{"rendered":"http:\/\/claue.dev\/demo\/product\/cuffed-beanie\/"},"modified":"2025-08-22T14:07:03","modified_gmt":"2025-08-22T12:07:03","slug":"colgante-trebol","status":"publish","type":"product","link":"https:\/\/bambanmoda.com\/en\/product\/colgante-trebol\/","title":{"rendered":"Colgante tr\u00e9bol artesanal en plata con \u00e1mbar tricolor"},"content":{"rendered":"<p>Colgante artesanal en forma de tr\u00e9bol, elaborado en plata con piezas de \u00e1mbar en tres tonos \u00fanicos. Un dise\u00f1o simb\u00f3lico que evoca fortuna y elegancia. Perfecto para dar un toque especial, aut\u00e9ntico y sofisticado a cualquier look femenino.<\/p>","protected":false},"excerpt":{"rendered":"<p>Colgante artesanal en forma de tr\u00e9bol, elaborado en plata con piezas de \u00e1mbar en tres tonos \u00fanicos. Un dise\u00f1o simb\u00f3lico que evoca fortuna y elegancia. Perfecto para dar un toque especial, aut\u00e9ntico y sofisticado a cualquier look femenino.<\/p>","protected":false},"featured_media":6413,"comment_status":"open","ping_status":"closed","template":"","meta":[],"product_brand":[],"product_cat":[122,86,87],"product_tag":[174,171,172],"class_list":{"0":"post-5269","1":"product","2":"type-product","3":"status-publish","4":"has-post-thumbnail","6":"product_cat-ropa","7":"product_cat-accesorios","8":"product_cat-joyeria","9":"product_tag-colgante","10":"product_tag-complementos","11":"product_tag-joyeria","13":"first","14":"instock","15":"taxable","16":"shipping-taxable","17":"purchasable","18":"product-type-simple"},"_links":{"self":[{"href":"https:\/\/bambanmoda.com\/en\/wp-json\/wp\/v2\/product\/5269","targetHints":{"allow":["GET"]}}],"collection":[{"href":"https:\/\/bambanmoda.com\/en\/wp-json\/wp\/v2\/product"}],"about":[{"href":"https:\/\/bambanmoda.com\/en\/wp-json\/wp\/v2\/types\/product"}],"replies":[{"embeddable":true,"href":"https:\/\/bambanmoda.com\/en\/wp-json\/wp\/v2\/comments?post=5269"}],"version-history":[{"count":6,"href":"https:\/\/bambanmoda.com\/en\/wp-json\/wp\/v2\/product\/5269\/revisions"}],"predecessor-version":[{"id":6493,"href":"https:\/\/bambanmoda.com\/en\/wp-json\/wp\/v2\/product\/5269\/revisions\/6493"}],"wp:featuredmedia":[{"embeddable":true,"href":"https:\/\/bambanmoda.com\/en\/wp-json\/wp\/v2\/media\/6413"}],"wp:attachment":[{"href":"https:\/\/bambanmoda.com\/en\/wp-json\/wp\/v2\/media?parent=5269"}],"wp:term":[{"taxonomy":"product_brand","embeddable":true,"href":"https:\/\/bambanmoda.com\/en\/wp-json\/wp\/v2\/product_brand?post=5269"},{"taxonomy":"product_cat","embeddable":true,"href":"https:\/\/bambanmoda.com\/en\/wp-json\/wp\/v2\/product_cat?post=5269"},{"taxonomy":"product_tag","embeddable":true,"href":"https:\/\/bambanmoda.com\/en\/wp-json\/wp\/v2\/product_tag?post=5269"}],"curies":[{"name":"wp","href":"https:\/\/api.w.org\/{rel}","templated":true}]}}