{"id":5524,"date":"2016-10-15T18:34:11","date_gmt":"2016-10-15T18:34:11","guid":{"rendered":"http:\/\/claue.dev\/demo\/product\/grey-beanie\/"},"modified":"2025-08-22T14:29:44","modified_gmt":"2025-08-22T12:29:44","slug":"vestido-punto-estampado","status":"publish","type":"product","link":"https:\/\/bambanmoda.com\/en\/product\/vestido-punto-estampado\/","title":{"rendered":"Vestido largo beige estampado calavera mexicana y flores"},"content":{"rendered":"<p>Vestido largo de estilo bohemio en tono beige con un original estampado de calavera mexicana decorada con flores y detalles \u00e9tnicos. De corte suelto y c\u00f3modo, aporta frescura y personalidad. Perfecto para un look casual diferente, lleno de color, simbolismo y car\u00e1cter art\u00edstico.<\/p>","protected":false},"excerpt":{"rendered":"<p>Vestido largo de estilo bohemio en tono beige con un original estampado de calavera mexicana decorada con flores y detalles \u00e9tnicos. De corte suelto y c\u00f3modo, aporta frescura y personalidad. Perfecto para un look casual diferente, lleno de color, simbolismo y car\u00e1cter art\u00edstico.<\/p>","protected":false},"featured_media":6428,"comment_status":"open","ping_status":"closed","template":"","meta":[],"product_brand":[],"product_cat":[122,123],"product_tag":[183,182],"class_list":{"0":"post-5524","1":"product","2":"type-product","3":"status-publish","4":"has-post-thumbnail","6":"product_cat-ropa","7":"product_cat-vestidos","8":"product_tag-punto","9":"product_tag-vestidos","11":"first","12":"instock","13":"featured","14":"taxable","15":"shipping-taxable","16":"purchasable","17":"product-type-simple"},"_links":{"self":[{"href":"https:\/\/bambanmoda.com\/en\/wp-json\/wp\/v2\/product\/5524","targetHints":{"allow":["GET"]}}],"collection":[{"href":"https:\/\/bambanmoda.com\/en\/wp-json\/wp\/v2\/product"}],"about":[{"href":"https:\/\/bambanmoda.com\/en\/wp-json\/wp\/v2\/types\/product"}],"replies":[{"embeddable":true,"href":"https:\/\/bambanmoda.com\/en\/wp-json\/wp\/v2\/comments?post=5524"}],"version-history":[{"count":5,"href":"https:\/\/bambanmoda.com\/en\/wp-json\/wp\/v2\/product\/5524\/revisions"}],"predecessor-version":[{"id":6497,"href":"https:\/\/bambanmoda.com\/en\/wp-json\/wp\/v2\/product\/5524\/revisions\/6497"}],"wp:featuredmedia":[{"embeddable":true,"href":"https:\/\/bambanmoda.com\/en\/wp-json\/wp\/v2\/media\/6428"}],"wp:attachment":[{"href":"https:\/\/bambanmoda.com\/en\/wp-json\/wp\/v2\/media?parent=5524"}],"wp:term":[{"taxonomy":"product_brand","embeddable":true,"href":"https:\/\/bambanmoda.com\/en\/wp-json\/wp\/v2\/product_brand?post=5524"},{"taxonomy":"product_cat","embeddable":true,"href":"https:\/\/bambanmoda.com\/en\/wp-json\/wp\/v2\/product_cat?post=5524"},{"taxonomy":"product_tag","embeddable":true,"href":"https:\/\/bambanmoda.com\/en\/wp-json\/wp\/v2\/product_tag?post=5524"}],"curies":[{"name":"wp","href":"https:\/\/api.w.org\/{rel}","templated":true}]}}