{"id":6581,"date":"2025-09-04T23:05:40","date_gmt":"2025-09-04T21:05:40","guid":{"rendered":"https:\/\/bambanmoda.com\/?post_type=product&#038;p=6581"},"modified":"2025-11-18T19:47:04","modified_gmt":"2025-11-18T17:47:04","slug":"mocasin-antelina","status":"publish","type":"product","link":"https:\/\/bambanmoda.com\/en\/product\/mocasin-antelina\/","title":{"rendered":"Mocas\u00edn antelina"},"content":{"rendered":"<p><span data-sheets-root=\"1\">Mocas\u00edn con borlas decorativas en la pala, c\u00f3modo y vers\u00e1til<\/span><\/p>\n<p>Color: marr\u00f3n<\/p>\n<p>Tallas : 36 &#8211; 38- 39- 41<\/p>","protected":false},"excerpt":{"rendered":"<p>Mocas\u00edn Antelina marr\u00f3n<\/p>","protected":false},"featured_media":6582,"comment_status":"closed","ping_status":"closed","template":"","meta":[],"product_brand":[],"product_cat":[122,127,205],"product_tag":[207,185,177,206],"class_list":{"0":"post-6581","1":"product","2":"type-product","3":"status-publish","4":"has-post-thumbnail","6":"product_cat-ropa","7":"product_cat-calzado","8":"product_cat-zapatos-calzado","9":"product_tag-mocasin","10":"product_tag-moda","11":"product_tag-mujer","12":"product_tag-zapatos","14":"first","15":"instock","16":"taxable","17":"shipping-taxable","18":"purchasable","19":"product-type-simple"},"_links":{"self":[{"href":"https:\/\/bambanmoda.com\/en\/wp-json\/wp\/v2\/product\/6581","targetHints":{"allow":["GET"]}}],"collection":[{"href":"https:\/\/bambanmoda.com\/en\/wp-json\/wp\/v2\/product"}],"about":[{"href":"https:\/\/bambanmoda.com\/en\/wp-json\/wp\/v2\/types\/product"}],"replies":[{"embeddable":true,"href":"https:\/\/bambanmoda.com\/en\/wp-json\/wp\/v2\/comments?post=6581"}],"version-history":[{"count":3,"href":"https:\/\/bambanmoda.com\/en\/wp-json\/wp\/v2\/product\/6581\/revisions"}],"predecessor-version":[{"id":6835,"href":"https:\/\/bambanmoda.com\/en\/wp-json\/wp\/v2\/product\/6581\/revisions\/6835"}],"wp:featuredmedia":[{"embeddable":true,"href":"https:\/\/bambanmoda.com\/en\/wp-json\/wp\/v2\/media\/6582"}],"wp:attachment":[{"href":"https:\/\/bambanmoda.com\/en\/wp-json\/wp\/v2\/media?parent=6581"}],"wp:term":[{"taxonomy":"product_brand","embeddable":true,"href":"https:\/\/bambanmoda.com\/en\/wp-json\/wp\/v2\/product_brand?post=6581"},{"taxonomy":"product_cat","embeddable":true,"href":"https:\/\/bambanmoda.com\/en\/wp-json\/wp\/v2\/product_cat?post=6581"},{"taxonomy":"product_tag","embeddable":true,"href":"https:\/\/bambanmoda.com\/en\/wp-json\/wp\/v2\/product_tag?post=6581"}],"curies":[{"name":"wp","href":"https:\/\/api.w.org\/{rel}","templated":true}]}}