{"id":6703,"date":"2025-10-11T00:05:43","date_gmt":"2025-10-10T22:05:43","guid":{"rendered":"https:\/\/bambanmoda.com\/?post_type=product&#038;p=6703"},"modified":"2025-10-13T14:02:23","modified_gmt":"2025-10-13T12:02:23","slug":"jersey-con-flores-bordadas-en-relieve","status":"publish","type":"product","link":"https:\/\/bambanmoda.com\/en\/product\/jersey-con-flores-bordadas-en-relieve\/","title":{"rendered":"Jersey con flores bordadas en relieve."},"content":{"rendered":"<p>Jersey\u00a0 con flores bordadas mujer. Ideal para combinar con jeans, faldas o pantalones de vestir.<\/p>\n<ul>\n<li>Bordados multicolor.<\/li>\n<li>Cuello redondo<\/li>\n<li>Manga larga<\/li>\n<li>tejido suave<\/li>\n<li>corte recto y c\u00f3modo<\/li>\n<li>Estilo rom\u00e1ntico y artesanal<\/li>\n<li>temporada Oto\u00f1o\/ Invierno<\/li>\n<li>Talla \u00fanica<\/li>\n<\/ul>","protected":false},"excerpt":{"rendered":"<p>Jersey con flores bordadas en relieve. Tejido suave, c\u00e1lido y con un dise\u00f1o rom\u00e1ntico ideal para el invierno.<\/p>","protected":false},"featured_media":6706,"comment_status":"closed","ping_status":"closed","template":"","meta":[],"product_brand":[],"product_cat":[122,235,227],"product_tag":[239,236,237,240,238],"class_list":{"0":"post-6703","1":"product","2":"type-product","3":"status-publish","4":"has-post-thumbnail","6":"product_cat-ropa","7":"product_cat-jersey","8":"product_cat-otono-invierno","9":"product_tag-jersey-artesanal","10":"product_tag-jersey-bordado","11":"product_tag-jersey-con-flores","12":"product_tag-jersey-de-punto","13":"product_tag-jersey-romantico","15":"first","16":"instock","17":"taxable","18":"shipping-taxable","19":"purchasable","20":"product-type-simple"},"_links":{"self":[{"href":"https:\/\/bambanmoda.com\/en\/wp-json\/wp\/v2\/product\/6703","targetHints":{"allow":["GET"]}}],"collection":[{"href":"https:\/\/bambanmoda.com\/en\/wp-json\/wp\/v2\/product"}],"about":[{"href":"https:\/\/bambanmoda.com\/en\/wp-json\/wp\/v2\/types\/product"}],"replies":[{"embeddable":true,"href":"https:\/\/bambanmoda.com\/en\/wp-json\/wp\/v2\/comments?post=6703"}],"version-history":[{"count":1,"href":"https:\/\/bambanmoda.com\/en\/wp-json\/wp\/v2\/product\/6703\/revisions"}],"predecessor-version":[{"id":6708,"href":"https:\/\/bambanmoda.com\/en\/wp-json\/wp\/v2\/product\/6703\/revisions\/6708"}],"wp:featuredmedia":[{"embeddable":true,"href":"https:\/\/bambanmoda.com\/en\/wp-json\/wp\/v2\/media\/6706"}],"wp:attachment":[{"href":"https:\/\/bambanmoda.com\/en\/wp-json\/wp\/v2\/media?parent=6703"}],"wp:term":[{"taxonomy":"product_brand","embeddable":true,"href":"https:\/\/bambanmoda.com\/en\/wp-json\/wp\/v2\/product_brand?post=6703"},{"taxonomy":"product_cat","embeddable":true,"href":"https:\/\/bambanmoda.com\/en\/wp-json\/wp\/v2\/product_cat?post=6703"},{"taxonomy":"product_tag","embeddable":true,"href":"https:\/\/bambanmoda.com\/en\/wp-json\/wp\/v2\/product_tag?post=6703"}],"curies":[{"name":"wp","href":"https:\/\/api.w.org\/{rel}","templated":true}]}}