{"id":6803,"date":"2025-11-05T19:49:09","date_gmt":"2025-11-05T17:49:09","guid":{"rendered":"https:\/\/bambanmoda.com\/?post_type=product&#038;p=6803"},"modified":"2025-11-05T20:21:21","modified_gmt":"2025-11-05T18:21:21","slug":"pulsera-plata-trenzada-con-cabeza-de-dragon","status":"publish","type":"product","link":"https:\/\/bambanmoda.com\/en\/product\/pulsera-plata-trenzada-con-cabeza-de-dragon\/","title":{"rendered":"Pulsera plata trenzada con cabeza de drag\u00f3n"},"content":{"rendered":"<p>Pulsera de plata trenzada\u00a0 con cabeza de drag\u00f3n fabricada\u00a0 en plata de ley 925.<\/p>\n<p>Destaca por su trenzado fino y su cierre detallado en forma de drag\u00f3n, s\u00edmbolo de protecci\u00f3n y poder. Acabado en plata pulida envejecida.<\/p>\n<p>&nbsp;<\/p>","protected":false},"excerpt":{"rendered":"<p>Pulsera de plata trenzada\u00a0 con cabeza de drag\u00f3n.<\/p>\n<p>Esta pulsera combina la fuerza del dise\u00f1o artesanal con la elegancia del metal noble.<\/p>","protected":false},"featured_media":6813,"comment_status":"closed","ping_status":"closed","template":"","meta":[],"product_brand":[],"product_cat":[87,9,201],"product_tag":[286,288,285,287],"class_list":{"0":"post-6803","1":"product","2":"type-product","3":"status-publish","4":"has-post-thumbnail","6":"product_cat-joyeria","7":"product_cat-unisex","8":"product_cat-plata","9":"product_tag-joyeria-artesanal-en-sanxenxo","10":"product_tag-pulsera-cabeza-dragon","11":"product_tag-pulsera-plata","12":"product_tag-pulsera-trenzada","14":"first","15":"instock","16":"taxable","17":"shipping-taxable","18":"purchasable","19":"product-type-simple"},"_links":{"self":[{"href":"https:\/\/bambanmoda.com\/en\/wp-json\/wp\/v2\/product\/6803","targetHints":{"allow":["GET"]}}],"collection":[{"href":"https:\/\/bambanmoda.com\/en\/wp-json\/wp\/v2\/product"}],"about":[{"href":"https:\/\/bambanmoda.com\/en\/wp-json\/wp\/v2\/types\/product"}],"replies":[{"embeddable":true,"href":"https:\/\/bambanmoda.com\/en\/wp-json\/wp\/v2\/comments?post=6803"}],"version-history":[{"count":1,"href":"https:\/\/bambanmoda.com\/en\/wp-json\/wp\/v2\/product\/6803\/revisions"}],"predecessor-version":[{"id":6814,"href":"https:\/\/bambanmoda.com\/en\/wp-json\/wp\/v2\/product\/6803\/revisions\/6814"}],"wp:featuredmedia":[{"embeddable":true,"href":"https:\/\/bambanmoda.com\/en\/wp-json\/wp\/v2\/media\/6813"}],"wp:attachment":[{"href":"https:\/\/bambanmoda.com\/en\/wp-json\/wp\/v2\/media?parent=6803"}],"wp:term":[{"taxonomy":"product_brand","embeddable":true,"href":"https:\/\/bambanmoda.com\/en\/wp-json\/wp\/v2\/product_brand?post=6803"},{"taxonomy":"product_cat","embeddable":true,"href":"https:\/\/bambanmoda.com\/en\/wp-json\/wp\/v2\/product_cat?post=6803"},{"taxonomy":"product_tag","embeddable":true,"href":"https:\/\/bambanmoda.com\/en\/wp-json\/wp\/v2\/product_tag?post=6803"}],"curies":[{"name":"wp","href":"https:\/\/api.w.org\/{rel}","templated":true}]}}