{"id":6820,"date":"2025-11-19T20:21:52","date_gmt":"2025-11-19T18:21:52","guid":{"rendered":"https:\/\/bambanmoda.com\/?post_type=product&#038;p=6820"},"modified":"2025-11-19T21:19:45","modified_gmt":"2025-11-19T19:19:45","slug":"gabardina-corta-marron-diseno-cruzado","status":"publish","type":"product","link":"https:\/\/bambanmoda.com\/en\/product\/gabardina-corta-marron-diseno-cruzado\/","title":{"rendered":"Gabardina  corta marr\u00f3n dise\u00f1o cruzado"},"content":{"rendered":"<p>Prenda atemporal con cintur\u00f3n, botones dorados y hebillas en los pu\u00f1os que le aportan un toque de elegancia, ideal tanto para looks de oficina\u00a0 como para un estilo urbano chic.<\/p>\n<p>Tallas S\/M\u00a0 \u00a0 L\/XL<\/p>\n<p>Color\u00a0 Marr\u00f3n<\/p>","protected":false},"excerpt":{"rendered":"<p>Abrigo tipo\u00a0 trench<\/p>\n<ul>\n<li>\u00a0Color marr\u00f3n.<\/li>\n<li>\u00a0Doble abotonadura y cintur\u00f3n .<\/li>\n<li>Dise\u00f1o elegante y atemporal.<\/li>\n<li>Manga larga con trabilla decorativa.<\/li>\n<li><\/li>\n<\/ul>\n<p>&nbsp;<\/p>","protected":false},"featured_media":6822,"comment_status":"closed","ping_status":"closed","template":"","meta":[],"product_brand":[],"product_cat":[122,176,227],"product_tag":[178,294,292,264,293],"class_list":{"0":"post-6820","1":"product","2":"type-product","3":"status-publish","4":"has-post-thumbnail","6":"product_cat-ropa","7":"product_cat-abrigos","8":"product_cat-otono-invierno","9":"product_tag-abrigos","10":"product_tag-gabardina-mujer-elegante","11":"product_tag-moda-otono-invierno-mujer","12":"product_tag-tienda-de-ropa-en-sanxenxo","13":"product_tag-trench-coat-mujer","14":"pa_marron-marron","16":"first","17":"instock","18":"taxable","19":"shipping-taxable","20":"purchasable","21":"product-type-simple"},"_links":{"self":[{"href":"https:\/\/bambanmoda.com\/en\/wp-json\/wp\/v2\/product\/6820","targetHints":{"allow":["GET"]}}],"collection":[{"href":"https:\/\/bambanmoda.com\/en\/wp-json\/wp\/v2\/product"}],"about":[{"href":"https:\/\/bambanmoda.com\/en\/wp-json\/wp\/v2\/types\/product"}],"replies":[{"embeddable":true,"href":"https:\/\/bambanmoda.com\/en\/wp-json\/wp\/v2\/comments?post=6820"}],"version-history":[{"count":1,"href":"https:\/\/bambanmoda.com\/en\/wp-json\/wp\/v2\/product\/6820\/revisions"}],"predecessor-version":[{"id":6843,"href":"https:\/\/bambanmoda.com\/en\/wp-json\/wp\/v2\/product\/6820\/revisions\/6843"}],"wp:featuredmedia":[{"embeddable":true,"href":"https:\/\/bambanmoda.com\/en\/wp-json\/wp\/v2\/media\/6822"}],"wp:attachment":[{"href":"https:\/\/bambanmoda.com\/en\/wp-json\/wp\/v2\/media?parent=6820"}],"wp:term":[{"taxonomy":"product_brand","embeddable":true,"href":"https:\/\/bambanmoda.com\/en\/wp-json\/wp\/v2\/product_brand?post=6820"},{"taxonomy":"product_cat","embeddable":true,"href":"https:\/\/bambanmoda.com\/en\/wp-json\/wp\/v2\/product_cat?post=6820"},{"taxonomy":"product_tag","embeddable":true,"href":"https:\/\/bambanmoda.com\/en\/wp-json\/wp\/v2\/product_tag?post=6820"}],"curies":[{"name":"wp","href":"https:\/\/api.w.org\/{rel}","templated":true}]}}